{"id":10,"date":"2015-10-11T17:09:23","date_gmt":"2015-10-11T15:09:23","guid":{"rendered":"http:\/\/cafemangold.de\/?page_id=10"},"modified":"2022-01-28T14:51:30","modified_gmt":"2022-01-28T13:51:30","slug":"impressum","status":"publish","type":"page","link":"http:\/\/cafemangold.de\/index.php\/impressum\/","title":{"rendered":"Impressum"},"content":{"rendered":"<div class=\"article_text\">\n<div class=\"entry-content\">\n<p>Gem\u00e4ss \u00a728 Abs.4 <span class=\"caps\">BDSG<\/span> wider\u00adspre\u00adche ich der Nut\u00adzung mei\u00adner im Impres\u00adsum genann\u00adten per\u00ads\u00f6n\u00adli\u00adchen Daten,<br \/>\ndiese f\u00fcr Werbe\u2013 und Mar\u00adke\u00adting\u00adzwe\u00adcke aller Art zu ver\u00adwen\u00adden, zu ver\u00adkau\u00adfen bzw. zu missbrauchen.<\/p>\n<h3>Anbie\u00adter<\/h3>\n<div class=\"widget-area\">Cafe Mangold<br \/>\nMarktplatz 37<br \/>\n94094 Rotthalm\u00fcnster<\/div>\n<div class=\"widget-area\">Telefon: 08533 \/ 918 28 39<br \/>\ncafemangold@gmx.de<\/p>\n<h3>Ver\u00adtre\u00adten\u00a0durch<\/h3>\n<p>Alexander Mangold<br \/>\nMarktplatz 37<br \/>\n94094 Rotthalm\u00fcnster<\/p>\n<p>Telefon: 08533 \/ 918 28 39<br \/>\ncafemangold@gmx.de<\/p>\n<h3>Inhalt\u00adlich ver\u00adant\u00adwort\u00adli\u00adcher gem\u00e4ss \u00a755 Abs.2\u00a0RstV<\/h3>\n<p>Alexander Mangold<br \/>\nMarktplatz 37<br \/>\n94094 Rotthalm\u00fcnster<\/p>\n<p>Telefon: 08533 \/ 918 28 39<br \/>\nEmail: cafemangold@gmx.de<\/p>\n<h5>Umsatzsteuer-Identifikationsnummer<\/h5>\n<p>Umsatzsteuer-Identifikationsnummer gem. \u00a7 27a UStG: wird nachgereicht<\/p>\n<h5>Rechts\u00adform nach \u00a75 Abs.1 Nr.1\u00a0<span class=\"caps\">TMG<\/span><\/h5>\n<p>GbR<br \/>\nGesell\u00adschaft b\u00fcr\u00adger\u00adli\u00adchen Rechts<\/p>\n<h5>Ver\u00adant\u00adwor\u00adtungs\u00adbe\u00adreich<\/h5>\n<p>Die\u00adses Impres\u00adsum gilt nur f\u00fcr: http:\/\/www.cafemangold.de\/<\/p>\n<h5>Haf\u00adtungs\u00adhin\u00adweise<\/h5>\n<p>Diese Inter\u00adnet\u00adpr\u00e4\u00adsenz wurde mit gr\u00f6\u00df\u00adter Sorg\u00adfalt erstellt. F\u00fcr die Rich\u00adtig\u00adkeit, Voll\u00adst\u00e4n\u00addig\u00adkeit und Aktua\u00adli\u00adt\u00e4t der Inhalte kann jedoch keine Gew\u00e4hr \u00fcber\u00adnom\u00admen wer\u00adden. Der Her\u00adaus\u00adge\u00adber ist f\u00fcr die Erstel\u00adlung eige\u00adner Inhalte gem\u00e4\u00df \u00a7 6 Abs.1 MDStV und \u00a7 8 Abs.1 <span class=\"caps\">TDG<\/span> nach den all\u00adge\u00admei\u00adnen Geset\u00adzen ver\u00adant\u00adwort\u00adlich. Der Her\u00adaus\u00adge\u00adber ist jedoch nicht ver\u00adpflich\u00adtet, die von ihnen \u00fcber\u00admit\u00adtel\u00adten oder gespei\u00adcher\u00adten frem\u00adden Infor\u00adma\u00adtio\u00adnen zu \u00fcber\u00adwa\u00adchen oder nach Umst\u00e4n\u00adden zu for\u00adschen, die auf eine rechts\u00adwid\u00adrige T\u00e4tig\u00adkeit hin\u00adwei\u00adsen. Ver\u00adpflich\u00adtun\u00adgen zur Ent\u00adfer\u00adnung oder Sper\u00adrung der Nut\u00adzung von Infor\u00adma\u00adtio\u00adnen nach den all\u00adge\u00admei\u00adnen Geset\u00adzen blei\u00adben hier\u00advon unbe\u00adr\u00fchrt. Eine dies\u00adbe\u00adz\u00fcg\u00adli\u00adche Haf\u00adtung ist jedoch erst ab dem Zeit\u00adpunkt der Kennt\u00adnis einer kon\u00adkre\u00adten Rechts\u00adver\u00adlet\u00adzung m\u00f6g\u00adlich. Bei Bekannt\u00adwer\u00adden von ent\u00adspre\u00adchen\u00adden Rechts\u00adver\u00adlet\u00adzun\u00adgen wer\u00adden diese Inhalte umge\u00adhend entfernt.<\/p>\n<h5>Behe\u00adbungs\u00adga\u00adran\u00adtie<\/h5>\n<p>Inhalt und Auf\u00adma\u00adchung die\u00adser Sei\u00adten sind nach bes\u00adtem Wis\u00adsen und Gewis\u00adsen in Ein\u00adklang mit gel\u00adten\u00addem Recht zusam\u00admen\u00adge\u00adstellt. Soll\u00adten Sie den\u00adnoch Ihre Rechte, Schutz\u00adrechte oder sons\u00adtige gesetz\u00adli\u00adche Bestim\u00admun\u00adgen ver\u00adletzt sehen, bit\u00adten wir im Sinne der Scha\u00addens\u00admin\u00adde\u00adrungs\u00adpflicht um eine Nach\u00adricht ohne Kos\u00adten\u00adnote. Es wird eine Behe\u00adbung der Rechts\u00adver\u00adlet\u00adzung garan\u00adtiert, indem zu recht bean\u00adstan\u00addete Pas\u00adsa\u00adgen unver\u00adz\u00fcg\u00adlich ent\u00adfernt oder ge\u00e4n\u00addert wer\u00adden. Die Ein\u00adbe\u00adzie\u00adhung eines kos\u00adten\u00adpflich\u00adti\u00adgen Rechts\u00adbei\u00adstan\u00addes Ihrer\u00adseits (\u201cAbmah\u00adnung\u201d) ist daf\u00fcr nicht erfor\u00adder\u00adlich. Soll\u00adten den\u00adnoch Sie oder durch Sie beauf\u00adtragte<br \/>\nDritte ohne vor\u00adhe\u00adrige Kon\u00adtakt\u00adauf\u00adnahme und Ver\u00admitt\u00adlungs\u00adver\u00adsu\u00adche Kos\u00adten aus\u00adl\u00f6\u00adsen oder aus\u00adl\u00f6\u00adsen las\u00adsen, m\u00fcs\u00adsen diese in vol\u00adlem Umfang zur\u00fcck\u00adge\u00adwie\u00adsen wer\u00adden. Zudem erhal\u00adten Sie in einem sol\u00adchen Fall ggf. Gegen\u00adklage wegen Nicht\u00adbe\u00adach\u00adtung der oben genann\u00adten Behebungsgarantie.<\/p>\n<\/div>\n<div class=\"clear\"><\/div>\n<\/div>\n<div class=\"comments\"><\/div>\n<div class=\"clear\"><\/div>\n<\/div>\n","protected":false},"excerpt":{"rendered":"<p>Gem\u00e4ss \u00a728 Abs.4 BDSG wider\u00adspre\u00adche ich der Nut\u00adzung mei\u00adner im Impres\u00adsum genann\u00adten per\u00ads\u00f6n\u00adli\u00adchen Daten, diese f\u00fcr Werbe\u2013 und Mar\u00adke\u00adting\u00adzwe\u00adcke aller Art zu ver\u00adwen\u00adden, zu ver\u00adkau\u00adfen bzw. zu missbrauchen. Anbie\u00adter Cafe Mangold Marktplatz 37 94094 Rotthalm\u00fcnster Telefon: 08533 \/ 918 28<\/p>\n","protected":false},"author":1,"featured_media":0,"parent":0,"menu_order":0,"comment_status":"closed","ping_status":"closed","template":"","meta":[],"_links":{"self":[{"href":"http:\/\/cafemangold.de\/index.php\/wp-json\/wp\/v2\/pages\/10"}],"collection":[{"href":"http:\/\/cafemangold.de\/index.php\/wp-json\/wp\/v2\/pages"}],"about":[{"href":"http:\/\/cafemangold.de\/index.php\/wp-json\/wp\/v2\/types\/page"}],"author":[{"embeddable":true,"href":"http:\/\/cafemangold.de\/index.php\/wp-json\/wp\/v2\/users\/1"}],"replies":[{"embeddable":true,"href":"http:\/\/cafemangold.de\/index.php\/wp-json\/wp\/v2\/comments?post=10"}],"version-history":[{"count":14,"href":"http:\/\/cafemangold.de\/index.php\/wp-json\/wp\/v2\/pages\/10\/revisions"}],"predecessor-version":[{"id":311,"href":"http:\/\/cafemangold.de\/index.php\/wp-json\/wp\/v2\/pages\/10\/revisions\/311"}],"wp:attachment":[{"href":"http:\/\/cafemangold.de\/index.php\/wp-json\/wp\/v2\/media?parent=10"}],"curies":[{"name":"wp","href":"https:\/\/api.w.org\/{rel}","templated":true}]}}